{"id":23255,"date":"2025-08-29T11:40:42","date_gmt":"2025-08-29T09:40:42","guid":{"rendered":"https:\/\/10x-robotics.de\/?page_id=23255"},"modified":"2025-10-13T15:07:52","modified_gmt":"2025-10-13T13:07:52","slug":"impressum","status":"publish","type":"page","link":"https:\/\/10x-robotics.de\/en\/impressum\/","title":{"rendered":"Imprint"},"content":{"rendered":"<h2 class=\"wp-block-heading\">Imprint<\/h2>\n\n\n\n<p><strong>Angaben gem\u00e4\u00df \u00a7 5 TMG<\/strong><\/p>\n\n\n\n<p>10X Robotics GmbH<br>Ehrenfeldstra\u00dfe 34<br>44789 Bochum<br>Deutschland<\/p>\n\n\n\n<p><strong>Vertreten durch die Gesch\u00e4ftsf\u00fchrer:<\/strong><br><br>Alexander Maximilian Pr\u00f6ll<br>Christian Dunker<\/p>\n\n\n\n<p><strong>Contact<\/strong><br><br>Telefon: <strong>&nbsp;<\/strong><a href=\"tel:+4923452003300\">0234 \/ 5200 3300<\/a><br>E-Mail: <a>info@10x-robotics.de<\/a><br>Web: <a>https:\/\/www.10x-robotics.de<\/a><\/p>\n\n\n\n<p><strong>Registereintrag<\/strong><br><br>Eingetragen im Handelsregister.<br>Registergericht: Amtsgericht Bochum<br>HRB 22598<\/p>\n\n\n\n<p><strong>Umsatzsteuer-ID<\/strong><br><br>Umsatzsteuer-Identifikationsnummer gem\u00e4\u00df \u00a7 27 a Umsatzsteuergesetz:<br>DE457229766<\/p>\n\n\n\n<p><strong>Datenschutzbeauftragter<\/strong><br><br>Der Datenschutzbeauftragte des Verantwortlichen ist:<br><br>heyData GmbH<br>Sch\u00fctzenstra\u00dfe 5<br>10117 Berlin&nbsp;<br>E-Mail: <a href=\"mailto:datenschutz@heydata.eu\" target=\"_blank\" rel=\"noreferrer noopener\">datenschutz@heydata.eu<\/a><br>Web: <a href=\"http:\/\/www.heydata.eu\/\" target=\"_blank\" rel=\"noreferrer noopener\">www.heydata.eu<\/a>&nbsp;<\/p>\n\n\n\n<a href=\"https:\/\/heydata.eu\" target=\"_blank\" title=\"heyData GDPR seal\"><img decoding=\"async\" alt=\"heyData trusted logo\" src=\"https:\/\/privacy-seal.heydata.eu\/seal\/e6d1dd72-a479-45ba-b8dc-1b0117e0983b?lang=de&#038;design=design1&#038;sealType=GDPR\" style=\"border: 0\" width=\"200\" height=\"200\" \/><\/a>\n\n\n\n<h2 class=\"wp-block-heading\">Haftungsausschluss (Disclaimer)<\/h2>\n\n\n\n<h3 class=\"wp-block-heading\">Haftung f\u00fcr Inhalte<\/h3>\n\n\n\n<p>Als Diensteanbieter sind wir gem\u00e4\u00df \u00a7 7 Abs. 1 TMG f\u00fcr eigene Inhalte auf diesen Seiten nach den allgemeinen Gesetzen verantwortlich.<br>Nach \u00a7\u00a7 8 bis 10 TMG sind wir als Diensteanbieter jedoch nicht verpflichtet, \u00fcbermittelte oder gespeicherte fremde Informationen zu \u00fcberwachen oder nach Umst\u00e4nden zu forschen, die auf eine rechtswidrige T\u00e4tigkeit hinweisen.<br>Verpflichtungen zur Entfernung oder Sperrung der Nutzung von Informationen nach den allgemeinen Gesetzen bleiben hiervon unber\u00fchrt.<br>Eine diesbez\u00fcgliche Haftung ist jedoch erst ab dem Zeitpunkt der Kenntnis einer konkreten Rechtsverletzung m\u00f6glich.<br>Bei Bekanntwerden von entsprechenden Rechtsverletzungen werden wir diese Inhalte umgehend entfernen.<\/p>\n\n\n\n<h3 class=\"wp-block-heading\">Haftung f\u00fcr Links<\/h3>\n\n\n\n<p>Unser Angebot enth\u00e4lt Links zu externen Webseiten Dritter, auf deren Inhalte wir keinen Einfluss haben.<br>Deshalb k\u00f6nnen wir f\u00fcr diese fremden Inhalte auch keine Gew\u00e4hr \u00fcbernehmen.<br>F\u00fcr die Inhalte der verlinkten Seiten ist stets der jeweilige Anbieter oder Betreiber der Seiten verantwortlich.<br>Die verlinkten Seiten wurden zum Zeitpunkt der Verlinkung auf m\u00f6gliche Rechtsverst\u00f6\u00dfe \u00fcberpr\u00fcft.<br>Rechtswidrige Inhalte waren zum Zeitpunkt der Verlinkung nicht erkennbar.<br>Eine permanente inhaltliche Kontrolle der verlinkten Seiten ist jedoch ohne konkrete Anhaltspunkte einer Rechtsverletzung nicht zumutbar.<br>Bei Bekanntwerden von Rechtsverletzungen werden wir derartige Links umgehend entfernen.<\/p>\n\n\n\n<h3 class=\"wp-block-heading\">Urheberrecht<\/h3>\n\n\n\n<p>Die durch die Seitenbetreiber erstellten Inhalte und Werke auf diesen Seiten unterliegen dem deutschen Urheberrecht.<br>Die Vervielf\u00e4ltigung, Bearbeitung, Verbreitung und jede Art der Verwertung au\u00dferhalb der Grenzen des Urheberrechts bed\u00fcrfen der schriftlichen Zustimmung des jeweiligen Autors bzw. Erstellers.<br>Downloads und Kopien dieser Seite sind nur f\u00fcr den privaten, nicht kommerziellen Gebrauch gestattet.<br>Soweit die Inhalte auf dieser Seite nicht vom Betreiber erstellt wurden, werden die Urheberrechte Dritter beachtet.<br>Insbesondere werden Inhalte Dritter als solche gekennzeichnet.<br>Sollten Sie trotzdem auf eine Urheberrechtsverletzung aufmerksam werden, bitten wir um einen entsprechenden Hinweis.<br>Bei Bekanntwerden von Rechtsverletzungen werden wir derartige Inhalte umgehend entfernen.<\/p>\n\n\n\n<hr class=\"wp-block-separator has-alpha-channel-opacity\"\/>\n\n\n\n<h2 class=\"wp-block-heading\">Hinweis nach \u00a7 36 VSBG (Verbraucherstreitbeilegungsgesetz)<\/h2>\n\n\n\n<p>Die 10X Robotics GmbH ist nicht verpflichtet und nicht bereit, an Streitbeilegungsverfahren vor einer Verbraucherschlichtungsstelle teilzunehmen.<\/p>\n\n\n\n<hr class=\"wp-block-separator has-alpha-channel-opacity\"\/>\n\n\n\n<h2 class=\"wp-block-heading\">Hinweis auf Online-Streitbeilegung gem\u00e4\u00df Art. 14 Abs. 1 ODR-VO<\/h2>\n\n\n\n<p>Die Europ\u00e4ische Kommission stellt eine Plattform zur Online-Streitbeilegung (OS) bereit:<br><a>https:\/\/ec.europa.eu\/consumers\/odr<\/a><\/p>\n\n\n\n<p>Unsere E-Mail-Adresse finden Sie oben im Impressum.<\/p>","protected":false},"excerpt":{"rendered":"<p>Impressum Angaben gem\u00e4\u00df \u00a7 5 TMG 10X Robotics GmbHEhrenfeldstra\u00dfe 3444789 BochumDeutschland Vertreten durch die Gesch\u00e4ftsf\u00fchrer: Alexander Maximilian Pr\u00f6llChristian Dunker Kontakt Telefon: &nbsp;0234 \/ 5200 3300E-Mail: info@10x-robotics.deWeb: https:\/\/www.10x-robotics.de Registereintrag Eingetragen im Handelsregister.Registergericht: Amtsgericht BochumHRB 22598 Umsatzsteuer-ID Umsatzsteuer-Identifikationsnummer gem\u00e4\u00df \u00a7 27 a Umsatzsteuergesetz:DE457229766&#8230;<\/p>","protected":false},"author":1,"featured_media":0,"parent":0,"menu_order":0,"comment_status":"closed","ping_status":"open","template":"","meta":{"footnotes":""},"class_list":["post-23255","page","type-page","status-publish","hentry"],"yoast_head":"<!-- This site is optimized with the Yoast SEO plugin v26.9 - https:\/\/yoast.com\/product\/yoast-seo-wordpress\/ -->\n<title>Impressum - 10X Robotics GmbH - Ihr Partner f\u00fcr Service-Robotik aus NRW - Showroom Bochum<\/title>\n<meta name=\"robots\" content=\"index, follow, max-snippet:-1, max-image-preview:large, max-video-preview:-1\" \/>\n<link rel=\"canonical\" href=\"https:\/\/10x-robotics.de\/en\/impressum\/\" \/>\n<meta property=\"og:locale\" content=\"en_US\" \/>\n<meta property=\"og:type\" content=\"article\" \/>\n<meta property=\"og:title\" content=\"Impressum - 10X Robotics GmbH - Ihr Partner f\u00fcr Service-Robotik aus NRW - Showroom Bochum\" \/>\n<meta property=\"og:description\" content=\"Impressum Angaben gem\u00e4\u00df \u00a7 5 TMG 10X Robotics GmbHEhrenfeldstra\u00dfe 3444789 BochumDeutschland Vertreten durch die Gesch\u00e4ftsf\u00fchrer: Alexander Maximilian Pr\u00f6llChristian Dunker Kontakt Telefon: &nbsp;0234 \/ 5200 3300E-Mail: info@10x-robotics.deWeb: https:\/\/www.10x-robotics.de Registereintrag Eingetragen im Handelsregister.Registergericht: Amtsgericht BochumHRB 22598 Umsatzsteuer-ID Umsatzsteuer-Identifikationsnummer gem\u00e4\u00df \u00a7 27 a Umsatzsteuergesetz:DE457229766...\" \/>\n<meta property=\"og:url\" content=\"https:\/\/10x-robotics.de\/en\/impressum\/\" \/>\n<meta property=\"og:site_name\" content=\"10X Robotics GmbH - Ihr Partner f\u00fcr Service-Robotik aus NRW - Showroom Bochum\" \/>\n<meta property=\"article:modified_time\" content=\"2025-10-13T13:07:52+00:00\" \/>\n<meta property=\"og:image\" content=\"https:\/\/privacy-seal.heydata.eu\/seal\/e6d1dd72-a479-45ba-b8dc-1b0117e0983b?lang=de&design=design1&sealType=GDPR\" \/>\n<meta name=\"twitter:card\" content=\"summary_large_image\" \/>\n<meta name=\"twitter:label1\" content=\"Est. reading time\" \/>\n\t<meta name=\"twitter:data1\" content=\"3 minutes\" \/>\n<script type=\"application\/ld+json\" class=\"yoast-schema-graph\">{\"@context\":\"https:\/\/schema.org\",\"@graph\":[{\"@type\":\"WebPage\",\"@id\":\"https:\/\/10x-robotics.de\/impressum\/\",\"url\":\"https:\/\/10x-robotics.de\/impressum\/\",\"name\":\"Impressum - 10X Robotics GmbH - Ihr Partner f\u00fcr Service-Robotik aus NRW - Showroom Bochum\",\"isPartOf\":{\"@id\":\"https:\/\/10x-robotics.de\/#website\"},\"primaryImageOfPage\":{\"@id\":\"https:\/\/10x-robotics.de\/impressum\/#primaryimage\"},\"image\":{\"@id\":\"https:\/\/10x-robotics.de\/impressum\/#primaryimage\"},\"thumbnailUrl\":\"https:\/\/privacy-seal.heydata.eu\/seal\/e6d1dd72-a479-45ba-b8dc-1b0117e0983b?lang=de&design=design1&sealType=GDPR\",\"datePublished\":\"2025-08-29T09:40:42+00:00\",\"dateModified\":\"2025-10-13T13:07:52+00:00\",\"breadcrumb\":{\"@id\":\"https:\/\/10x-robotics.de\/impressum\/#breadcrumb\"},\"inLanguage\":\"en-US\",\"potentialAction\":[{\"@type\":\"ReadAction\",\"target\":[\"https:\/\/10x-robotics.de\/impressum\/\"]}]},{\"@type\":\"ImageObject\",\"inLanguage\":\"en-US\",\"@id\":\"https:\/\/10x-robotics.de\/impressum\/#primaryimage\",\"url\":\"https:\/\/privacy-seal.heydata.eu\/seal\/e6d1dd72-a479-45ba-b8dc-1b0117e0983b?lang=de&design=design1&sealType=GDPR\",\"contentUrl\":\"https:\/\/privacy-seal.heydata.eu\/seal\/e6d1dd72-a479-45ba-b8dc-1b0117e0983b?lang=de&design=design1&sealType=GDPR\"},{\"@type\":\"BreadcrumbList\",\"@id\":\"https:\/\/10x-robotics.de\/impressum\/#breadcrumb\",\"itemListElement\":[{\"@type\":\"ListItem\",\"position\":1,\"name\":\"Startseite\",\"item\":\"https:\/\/10x-robotics.de\/\"},{\"@type\":\"ListItem\",\"position\":2,\"name\":\"Impressum\"}]},{\"@type\":\"WebSite\",\"@id\":\"https:\/\/10x-robotics.de\/#website\",\"url\":\"https:\/\/10x-robotics.de\/\",\"name\":\"10X Robotics GmbH - Ihr Partner f\u00fcr Service-Robotik aus NRW - Showroom Bochum\",\"description\":\"Empowering Society Through Robotics\",\"publisher\":{\"@id\":\"https:\/\/10x-robotics.de\/#organization\"},\"potentialAction\":[{\"@type\":\"SearchAction\",\"target\":{\"@type\":\"EntryPoint\",\"urlTemplate\":\"https:\/\/10x-robotics.de\/?s={search_term_string}\"},\"query-input\":{\"@type\":\"PropertyValueSpecification\",\"valueRequired\":true,\"valueName\":\"search_term_string\"}}],\"inLanguage\":\"en-US\"},{\"@type\":\"Organization\",\"@id\":\"https:\/\/10x-robotics.de\/#organization\",\"name\":\"10X Robotics GmbH - Ihr Partner f\u00fcr Service-Robotik aus NRW - Showroom Bochum\",\"url\":\"https:\/\/10x-robotics.de\/\",\"logo\":{\"@type\":\"ImageObject\",\"inLanguage\":\"en-US\",\"@id\":\"https:\/\/10x-robotics.de\/#\/schema\/logo\/image\/\",\"url\":\"https:\/\/10x-robotics.de\/wp-content\/uploads\/2025\/08\/cropped-10X_Robotics_Logo_2025.png\",\"contentUrl\":\"https:\/\/10x-robotics.de\/wp-content\/uploads\/2025\/08\/cropped-10X_Robotics_Logo_2025.png\",\"width\":512,\"height\":512,\"caption\":\"10X Robotics GmbH - Ihr Partner f\u00fcr Service-Robotik aus NRW - Showroom Bochum\"},\"image\":{\"@id\":\"https:\/\/10x-robotics.de\/#\/schema\/logo\/image\/\"},\"sameAs\":[\"https:\/\/www.linkedin.com\/company\/10x-robotics-gmbh\/\"]}]}<\/script>\n<!-- \/ Yoast SEO plugin. -->","yoast_head_json":{"title":"Impressum - 10X Robotics GmbH - Ihr Partner f\u00fcr Service-Robotik aus NRW - Showroom Bochum","robots":{"index":"index","follow":"follow","max-snippet":"max-snippet:-1","max-image-preview":"max-image-preview:large","max-video-preview":"max-video-preview:-1"},"canonical":"https:\/\/10x-robotics.de\/en\/impressum\/","og_locale":"en_US","og_type":"article","og_title":"Impressum - 10X Robotics GmbH - Ihr Partner f\u00fcr Service-Robotik aus NRW - Showroom Bochum","og_description":"Impressum Angaben gem\u00e4\u00df \u00a7 5 TMG 10X Robotics GmbHEhrenfeldstra\u00dfe 3444789 BochumDeutschland Vertreten durch die Gesch\u00e4ftsf\u00fchrer: Alexander Maximilian Pr\u00f6llChristian Dunker Kontakt Telefon: &nbsp;0234 \/ 5200 3300E-Mail: info@10x-robotics.deWeb: https:\/\/www.10x-robotics.de Registereintrag Eingetragen im Handelsregister.Registergericht: Amtsgericht BochumHRB 22598 Umsatzsteuer-ID Umsatzsteuer-Identifikationsnummer gem\u00e4\u00df \u00a7 27 a Umsatzsteuergesetz:DE457229766...","og_url":"https:\/\/10x-robotics.de\/en\/impressum\/","og_site_name":"10X Robotics GmbH - Ihr Partner f\u00fcr Service-Robotik aus NRW - Showroom Bochum","article_modified_time":"2025-10-13T13:07:52+00:00","og_image":[{"url":"https:\/\/privacy-seal.heydata.eu\/seal\/e6d1dd72-a479-45ba-b8dc-1b0117e0983b?lang=de&design=design1&sealType=GDPR","type":"","width":"","height":""}],"twitter_card":"summary_large_image","twitter_misc":{"Est. reading time":"3 minutes"},"schema":{"@context":"https:\/\/schema.org","@graph":[{"@type":"WebPage","@id":"https:\/\/10x-robotics.de\/impressum\/","url":"https:\/\/10x-robotics.de\/impressum\/","name":"Impressum - 10X Robotics GmbH - Ihr Partner f\u00fcr Service-Robotik aus NRW - Showroom Bochum","isPartOf":{"@id":"https:\/\/10x-robotics.de\/#website"},"primaryImageOfPage":{"@id":"https:\/\/10x-robotics.de\/impressum\/#primaryimage"},"image":{"@id":"https:\/\/10x-robotics.de\/impressum\/#primaryimage"},"thumbnailUrl":"https:\/\/privacy-seal.heydata.eu\/seal\/e6d1dd72-a479-45ba-b8dc-1b0117e0983b?lang=de&design=design1&sealType=GDPR","datePublished":"2025-08-29T09:40:42+00:00","dateModified":"2025-10-13T13:07:52+00:00","breadcrumb":{"@id":"https:\/\/10x-robotics.de\/impressum\/#breadcrumb"},"inLanguage":"en-US","potentialAction":[{"@type":"ReadAction","target":["https:\/\/10x-robotics.de\/impressum\/"]}]},{"@type":"ImageObject","inLanguage":"en-US","@id":"https:\/\/10x-robotics.de\/impressum\/#primaryimage","url":"https:\/\/privacy-seal.heydata.eu\/seal\/e6d1dd72-a479-45ba-b8dc-1b0117e0983b?lang=de&design=design1&sealType=GDPR","contentUrl":"https:\/\/privacy-seal.heydata.eu\/seal\/e6d1dd72-a479-45ba-b8dc-1b0117e0983b?lang=de&design=design1&sealType=GDPR"},{"@type":"BreadcrumbList","@id":"https:\/\/10x-robotics.de\/impressum\/#breadcrumb","itemListElement":[{"@type":"ListItem","position":1,"name":"Startseite","item":"https:\/\/10x-robotics.de\/"},{"@type":"ListItem","position":2,"name":"Impressum"}]},{"@type":"WebSite","@id":"https:\/\/10x-robotics.de\/#website","url":"https:\/\/10x-robotics.de\/","name":"10X Robotics GmbH - Ihr Partner f\u00fcr Service-Robotik aus NRW - Showroom Bochum","description":"Empowering Society Through Robotics","publisher":{"@id":"https:\/\/10x-robotics.de\/#organization"},"potentialAction":[{"@type":"SearchAction","target":{"@type":"EntryPoint","urlTemplate":"https:\/\/10x-robotics.de\/?s={search_term_string}"},"query-input":{"@type":"PropertyValueSpecification","valueRequired":true,"valueName":"search_term_string"}}],"inLanguage":"en-US"},{"@type":"Organization","@id":"https:\/\/10x-robotics.de\/#organization","name":"10X Robotics GmbH - Ihr Partner f\u00fcr Service-Robotik aus NRW - Showroom Bochum","url":"https:\/\/10x-robotics.de\/","logo":{"@type":"ImageObject","inLanguage":"en-US","@id":"https:\/\/10x-robotics.de\/#\/schema\/logo\/image\/","url":"https:\/\/10x-robotics.de\/wp-content\/uploads\/2025\/08\/cropped-10X_Robotics_Logo_2025.png","contentUrl":"https:\/\/10x-robotics.de\/wp-content\/uploads\/2025\/08\/cropped-10X_Robotics_Logo_2025.png","width":512,"height":512,"caption":"10X Robotics GmbH - Ihr Partner f\u00fcr Service-Robotik aus NRW - Showroom Bochum"},"image":{"@id":"https:\/\/10x-robotics.de\/#\/schema\/logo\/image\/"},"sameAs":["https:\/\/www.linkedin.com\/company\/10x-robotics-gmbh\/"]}]}},"_links":{"self":[{"href":"https:\/\/10x-robotics.de\/en\/wp-json\/wp\/v2\/pages\/23255","targetHints":{"allow":["GET"]}}],"collection":[{"href":"https:\/\/10x-robotics.de\/en\/wp-json\/wp\/v2\/pages"}],"about":[{"href":"https:\/\/10x-robotics.de\/en\/wp-json\/wp\/v2\/types\/page"}],"author":[{"embeddable":true,"href":"https:\/\/10x-robotics.de\/en\/wp-json\/wp\/v2\/users\/1"}],"replies":[{"embeddable":true,"href":"https:\/\/10x-robotics.de\/en\/wp-json\/wp\/v2\/comments?post=23255"}],"version-history":[{"count":6,"href":"https:\/\/10x-robotics.de\/en\/wp-json\/wp\/v2\/pages\/23255\/revisions"}],"predecessor-version":[{"id":23410,"href":"https:\/\/10x-robotics.de\/en\/wp-json\/wp\/v2\/pages\/23255\/revisions\/23410"}],"wp:attachment":[{"href":"https:\/\/10x-robotics.de\/en\/wp-json\/wp\/v2\/media?parent=23255"}],"curies":[{"name":"wp","href":"https:\/\/api.w.org\/{rel}","templated":true}]}}